{"id":43,"date":"2021-09-23T22:18:54","date_gmt":"2021-09-23T20:18:54","guid":{"rendered":"https:\/\/www.eeichler.de\/wordpress\/?page_id=43"},"modified":"2021-09-30T15:51:53","modified_gmt":"2021-09-30T13:51:53","slug":"ueber-den-kuenstler","status":"publish","type":"page","link":"https:\/\/www.eeichler.de\/?page_id=43","title":{"rendered":"\u00dcber den K\u00fcnstler"},"content":{"rendered":"\n<div class=\"wp-block-media-text alignwide is-stacked-on-mobile\"><figure class=\"wp-block-media-text__media\"><img loading=\"lazy\" decoding=\"async\" width=\"716\" height=\"708\" src=\"https:\/\/www.eeichler.de\/wordpress\/wp-content\/uploads\/2021\/09\/portrait.jpg\" alt=\"\" class=\"wp-image-61 size-full\" srcset=\"https:\/\/www.eeichler.de\/wp-content\/uploads\/2021\/09\/portrait.jpg 716w, https:\/\/www.eeichler.de\/wp-content\/uploads\/2021\/09\/portrait-300x297.jpg 300w\" sizes=\"auto, (max-width: 716px) 100vw, 716px\" \/><\/figure><div class=\"wp-block-media-text__content\">\n<p>Emanuel Eichler ist ein junger K\u00fcnstler (32), der sich haupts\u00e4chlich mit abstrakter Malerei besch\u00e4ftigt. Er lebt und arbeitet in Z\u00fcrich, Schweiz.<\/p>\n\n\n\n<p>Den Weg zur Kunst und Malerei hat er nach seiner Krebsdiagnose 2016 gefunden. Gerade am Anfang hat er -auch als Form der Therapie- fast t\u00e4glich mehrere Stunden gemalt hat. So konnte er sich schnell verschiedene Techniken aneignen und sukzessive verbessern. Auch wenn er nicht mehr in dem Tempo wie fr\u00fcher arbeitet, die Leidenschaft f\u00fcr Malerei lebt weiterhin in ihm.<\/p>\n\n\n\n<p>F\u00fcr ihn h\u00e4ngt der Malprozess auch mit Mathematik zusammen: &#8222;Man ist st\u00e4ndig dabei, Elemente hinzuf\u00fcgen oder Dinge zu subtrahieren.  Das ist mitunter nicht immer schmerzfrei. Aber umso zufriedener ist man am Ende, wenn sich das Werk in Balance befindet.<\/p>\n\n\n\n<p>Als Autodidakt l\u00e4sst er sich von den Kunstwerken zeitgen\u00f6ssischer K\u00fcnstler -Prominente und weniger bekannte- inspirieren. Seine Lieblingsk\u00fcnstler sind Ben Vautier, Jan Voss, Banksy, Roy Liechtenstein, Pierre Soulage sowie Gerhard Richter.<\/p>\n\n\n\n<p>Emanuel Eichler malt Acryl auf Leinwand, vorzugsweise auf gro\u00dfen Quadraten. In seinen Arbeiten setzt er sich mit dem Thema Kontraste und Spannungen in Bezug auf Farben, Objekte und Techniken auseinander. Sein Ziel ist es, dass das Werk eine anziehende Wirkung auf den Betrachter hat. Dies gelingt ihm unter anderem durch interessante Details in seinen Gem\u00e4lden, die beim Entdecken Freude bereiten und beim Interpretieren zum Nachdenken anregen.<\/p>\n<\/div><\/div>\n","protected":false},"excerpt":{"rendered":"<p>Emanuel Eichler ist ein junger K\u00fcnstler (32), der sich haupts\u00e4chlich mit abstrakter Malerei besch\u00e4ftigt. Er lebt und arbeitet in Z\u00fcrich, Schweiz. Den Weg zur Kunst und Malerei hat er nach seiner Krebsdiagnose 2016 gefunden. Gerade am Anfang hat er -auch als Form der Therapie- fast t\u00e4glich mehrere Stunden gemalt hat. So konnte er sich schnell [&hellip;]<\/p>\n","protected":false},"author":1,"featured_media":61,"parent":0,"menu_order":0,"comment_status":"closed","ping_status":"closed","template":"","meta":{"footnotes":""},"class_list":["post-43","page","type-page","status-publish","has-post-thumbnail","czr-hentry"],"_links":{"self":[{"href":"https:\/\/www.eeichler.de\/index.php?rest_route=\/wp\/v2\/pages\/43","targetHints":{"allow":["GET"]}}],"collection":[{"href":"https:\/\/www.eeichler.de\/index.php?rest_route=\/wp\/v2\/pages"}],"about":[{"href":"https:\/\/www.eeichler.de\/index.php?rest_route=\/wp\/v2\/types\/page"}],"author":[{"embeddable":true,"href":"https:\/\/www.eeichler.de\/index.php?rest_route=\/wp\/v2\/users\/1"}],"replies":[{"embeddable":true,"href":"https:\/\/www.eeichler.de\/index.php?rest_route=%2Fwp%2Fv2%2Fcomments&post=43"}],"version-history":[{"count":5,"href":"https:\/\/www.eeichler.de\/index.php?rest_route=\/wp\/v2\/pages\/43\/revisions"}],"predecessor-version":[{"id":358,"href":"https:\/\/www.eeichler.de\/index.php?rest_route=\/wp\/v2\/pages\/43\/revisions\/358"}],"wp:featuredmedia":[{"embeddable":true,"href":"https:\/\/www.eeichler.de\/index.php?rest_route=\/wp\/v2\/media\/61"}],"wp:attachment":[{"href":"https:\/\/www.eeichler.de\/index.php?rest_route=%2Fwp%2Fv2%2Fmedia&parent=43"}],"curies":[{"name":"wp","href":"https:\/\/api.w.org\/{rel}","templated":true}]}}