{"id":369,"date":"2021-09-30T22:58:26","date_gmt":"2021-09-30T20:58:26","guid":{"rendered":"https:\/\/www.eeichler.de\/wordpress\/?page_id=369"},"modified":"2021-10-02T23:41:10","modified_gmt":"2021-10-02T21:41:10","slug":"impressum","status":"publish","type":"page","link":"https:\/\/www.eeichler.de\/?page_id=369","title":{"rendered":"Impressum"},"content":{"rendered":"\n<h4 class=\"wp-block-heading\">Inhaltlicher Eigent\u00fcmer \/ Ansprechpartner gem\u00e4\u00df \u00a75 TMG<\/h4>\n\n\n\n<p><strong>Emanuel Eichler<\/strong><br>M\u00fchlehalde 3<br>8032 Z\u00fcrich<br>SCHWEIZ<\/p>\n\n\n\n<p>Email: mail<span class=\"has-inline-color has-cyan-bluish-gray-color\">[at]<\/span>eeichler<span class=\"has-inline-color has-cyan-bluish-gray-color\">[punkt]<\/span>de<\/p>\n\n\n\n<div style=\"height:10px\" aria-hidden=\"true\" class=\"wp-block-spacer\"><\/div>\n\n\n\n<h4 class=\"wp-block-heading\">Technischer Ansprechpartner und Domain-Eigent\u00fcmer<\/h4>\n\n\n\n<p><strong>Tobias Setzekorn<\/strong><br>Fahner Weg 26<br>51467 Bergisch Gladbach<br>DEUTSCHLAND<\/p>\n\n\n\n<p>Email: webmaster<span class=\"has-inline-color has-cyan-bluish-gray-color\">[at]<\/span>setzekorn<span class=\"has-inline-color has-cyan-bluish-gray-color\">[punkt]<\/span>de<\/p>\n\n\n\n<div style=\"height:10px\" aria-hidden=\"true\" class=\"wp-block-spacer\"><\/div>\n\n\n\n<h4 class=\"wp-block-heading\">Kontakt<\/h4>\n\n\n\n<p>Bei Fragen nutzen Sie bitte unser <a href=\"https:\/\/www.eeichler.de\/kontakt\/\" data-type=\"page\">Kontaktformular<\/a>.<\/p>\n\n\n\n<div style=\"height:10px\" aria-hidden=\"true\" class=\"wp-block-spacer\"><\/div>\n\n\n\n<h4 class=\"wp-block-heading\">Urheberrecht<\/h4>\n\n\n\n<p>Alle Inhalte und Strukturen dieser Website sind urheber- und leistungsschutzrechtlich gesch\u00fctzt. Die Ver\u00f6ffentlichung im World Wide Web oder in sonstigen Diensten des Internet bedeutet noch keine Einverst\u00e4ndniserkl\u00e4rung f\u00fcr eine anderweitige Nutzung durch Dritte. Jede vom deutschen Urheberrecht nicht zugelassene Verwertung bedarf der vorherigen schriftlichen Zustimmung von Emanuel Eichler.<\/p>\n\n\n\n<p>Wir erlauben und begr\u00fc\u00dfen ausdr\u00fccklich das Zitieren unserer Dokumente sowie das Setzen von Links auf unsere Website, solange kenntlich gemacht wird, dass es sich um Inhalte der Website von Emanuel Eichler handelt und diese Inhalte nicht in Verbindung mit Inhalten Dritter gebracht werden, die den Interessen von Emanuel Eichler widersprechen.<\/p>\n\n\n\n<div style=\"height:10px\" aria-hidden=\"true\" class=\"wp-block-spacer\"><\/div>\n\n\n\n<h4 class=\"wp-block-heading\">Hinweis zur Problematik von externen Links<\/h4>\n\n\n\n<p>Emanuel Eichler ist als Inhaltsanbieter nach \u00a7 7 Abs.1 Telemediengesetz f\u00fcr die \u201ceigenen Inhalte\u201d, die er zur Nutzung bereith\u00e4lt, nach den allgemeinen Gesetzen verantwortlich. Von diesen eigenen Inhalten sind Querverweise (\u201cLinks\u201d) auf die von anderen Anbietern bereitgehaltenen Inhalte zu unterscheiden. Durch den Querverweis h\u00e4lt Emanuel Eichler insofern \u201cfremde Inhalte\u201d zur Nutzung bereit, die in dieser Weise gekennzeichnet sind:<\/p>\n\n\n\n<p>Bei \u201cLinks\u201d handelt es sich stets um \u201clebende\u201d (dynamische) Verweisungen. Emanuel Eichler hat bei der erstmaligen Verkn\u00fcpfung zwar den fremden Inhalt daraufhin \u00fcberpr\u00fcft, ob durch ihn eine m\u00f6gliche zivilrechtliche oder strafrechtliche Verantwortlichkeit ausgel\u00f6st wird. Er \u00fcberpr\u00fcft aber die Inhalte, auf die er in seinem Angebot verweist, nicht st\u00e4ndig auf Ver\u00e4nderungen, die eine Verantwortlichkeit neu begr\u00fcnden k\u00f6nnten. Wenn er feststellt oder von anderen darauf hingewiesen wird, dass ein konkretes Angebot, zu dem er einen Link bereitgestellt hat, eine zivil- oder strafrechtliche Verantwortlichkeit ausl\u00f6st, wird er den Verweis auf dieses Angebot aufheben.<\/p>\n","protected":false},"excerpt":{"rendered":"<p>Inhaltlicher Eigent\u00fcmer \/ Ansprechpartner gem\u00e4\u00df \u00a75 TMG Emanuel EichlerM\u00fchlehalde 38032 Z\u00fcrichSCHWEIZ Email: mail[at]eeichler[punkt]de Technischer Ansprechpartner und Domain-Eigent\u00fcmer Tobias SetzekornFahner Weg 2651467 Bergisch GladbachDEUTSCHLAND Email: webmaster[at]setzekorn[punkt]de Kontakt Bei Fragen nutzen Sie bitte unser Kontaktformular. Urheberrecht Alle Inhalte und Strukturen dieser Website sind urheber- und leistungsschutzrechtlich gesch\u00fctzt. Die Ver\u00f6ffentlichung im World Wide Web oder in sonstigen Diensten [&hellip;]<\/p>\n","protected":false},"author":1,"featured_media":0,"parent":0,"menu_order":0,"comment_status":"closed","ping_status":"closed","template":"","meta":{"footnotes":""},"class_list":["post-369","page","type-page","status-publish","czr-hentry"],"_links":{"self":[{"href":"https:\/\/www.eeichler.de\/index.php?rest_route=\/wp\/v2\/pages\/369","targetHints":{"allow":["GET"]}}],"collection":[{"href":"https:\/\/www.eeichler.de\/index.php?rest_route=\/wp\/v2\/pages"}],"about":[{"href":"https:\/\/www.eeichler.de\/index.php?rest_route=\/wp\/v2\/types\/page"}],"author":[{"embeddable":true,"href":"https:\/\/www.eeichler.de\/index.php?rest_route=\/wp\/v2\/users\/1"}],"replies":[{"embeddable":true,"href":"https:\/\/www.eeichler.de\/index.php?rest_route=%2Fwp%2Fv2%2Fcomments&post=369"}],"version-history":[{"count":10,"href":"https:\/\/www.eeichler.de\/index.php?rest_route=\/wp\/v2\/pages\/369\/revisions"}],"predecessor-version":[{"id":424,"href":"https:\/\/www.eeichler.de\/index.php?rest_route=\/wp\/v2\/pages\/369\/revisions\/424"}],"wp:attachment":[{"href":"https:\/\/www.eeichler.de\/index.php?rest_route=%2Fwp%2Fv2%2Fmedia&parent=369"}],"curies":[{"name":"wp","href":"https:\/\/api.w.org\/{rel}","templated":true}]}}